{"id":14,"date":"2023-11-08T01:04:09","date_gmt":"2023-11-08T00:04:09","guid":{"rendered":"http:\/\/conpixelesyletras.es\/?page_id=14"},"modified":"2023-11-08T01:24:06","modified_gmt":"2023-11-08T00:24:06","slug":"acerca-de","status":"publish","type":"page","link":"https:\/\/conpixelesyletras.es\/?page_id=14","title":{"rendered":"Un poco de m\u00ed"},"content":{"rendered":"\n<p>Nac\u00ed en Nuevitas, una bah\u00eda pesquera al norte de Camag\u00fcey, Cuba, en el a\u00f1o 1999. Me licenci\u00e9 en periodismo en 2021. Emigr\u00e9 a Espa\u00f1a y ahora escribo desde mi terraza\/estudio en la costa mediterr\u00e1nea. Leo y bebo t\u00e9 mientras la nostalgia se hace mi amiga.<\/p>\n","protected":false},"excerpt":{"rendered":"<p>Nac\u00ed en Nuevitas, una bah\u00eda pesquera al norte de Camag\u00fcey, Cuba, en el a\u00f1o 1999. Me licenci\u00e9 en periodismo en 2021. Emigr\u00e9 a Espa\u00f1a y ahora escribo desde mi terraza\/estudio en la costa mediterr\u00e1nea. Leo y bebo t\u00e9 mientras la nostalgia se hace mi amiga.<\/p>\n","protected":false},"author":1,"featured_media":0,"parent":0,"menu_order":0,"comment_status":"closed","ping_status":"closed","template":"","meta":{"om_disable_all_campaigns":false,"_monsterinsights_skip_tracking":false,"_monsterinsights_sitenote_active":false,"_monsterinsights_sitenote_note":"","_monsterinsights_sitenote_category":0,"footnotes":""},"aioseo_notices":[],"_links":{"self":[{"href":"https:\/\/conpixelesyletras.es\/index.php?rest_route=\/wp\/v2\/pages\/14"}],"collection":[{"href":"https:\/\/conpixelesyletras.es\/index.php?rest_route=\/wp\/v2\/pages"}],"about":[{"href":"https:\/\/conpixelesyletras.es\/index.php?rest_route=\/wp\/v2\/types\/page"}],"author":[{"embeddable":true,"href":"https:\/\/conpixelesyletras.es\/index.php?rest_route=\/wp\/v2\/users\/1"}],"replies":[{"embeddable":true,"href":"https:\/\/conpixelesyletras.es\/index.php?rest_route=%2Fwp%2Fv2%2Fcomments&post=14"}],"version-history":[{"count":2,"href":"https:\/\/conpixelesyletras.es\/index.php?rest_route=\/wp\/v2\/pages\/14\/revisions"}],"predecessor-version":[{"id":541,"href":"https:\/\/conpixelesyletras.es\/index.php?rest_route=\/wp\/v2\/pages\/14\/revisions\/541"}],"wp:attachment":[{"href":"https:\/\/conpixelesyletras.es\/index.php?rest_route=%2Fwp%2Fv2%2Fmedia&parent=14"}],"curies":[{"name":"wp","href":"https:\/\/api.w.org\/{rel}","templated":true}]}}