{"id":179,"date":"2020-03-21T16:42:58","date_gmt":"2020-03-21T16:42:58","guid":{"rendered":"https:\/\/conpixelesyletras.wordpress.com\/?page_id=9"},"modified":"2020-03-21T16:42:58","modified_gmt":"2020-03-21T16:42:58","slug":"about","status":"publish","type":"page","link":"https:\/\/conpixelesyletras.es\/?page_id=179","title":{"rendered":"Sobre la autora"},"content":{"rendered":"\n<div style=\"height:20px;\" aria-hidden=\"true\" class=\"wp-block-spacer\"><\/div>\n\n\n\n<div class=\"wp-block-group alignfull\"><div class=\"wp-block-group__inner-container is-layout-flow wp-block-group-is-layout-flow\">\n<div class=\"wp-block-jetpack-layout-grid alignfull column1-desktop-grid__span-3 column1-desktop-grid__start-2 column1-desktop-grid__row-1 column2-desktop-grid__span-6 column2-desktop-grid__start-6 column2-desktop-grid__row-1 column1-tablet-grid__span-3 column1-tablet-grid__row-1 column2-tablet-grid__span-5 column2-tablet-grid__start-4 column2-tablet-grid__row-1 column1-mobile-grid__span-4 column1-mobile-grid__row-1 column2-mobile-grid__span-4 column2-mobile-grid__row-2\">\n<div class=\"wp-block-jetpack-layout-grid-column wp-block-jetpack-layout-grid__padding-none\">\n<figure class=\"wp-block-image size-large is-style-circle-mask\"><img decoding=\"async\" src=\"https:\/\/conpixelesyletras.files.wordpress.com\/2020\/03\/0t3a7158-1.jpg?w=1024\" alt=\"\" class=\"wp-image-116\" \/><\/figure>\n<\/div>\n\n\n\n<div class=\"wp-block-jetpack-layout-grid-column wp-block-jetpack-layout-grid__padding-none\">\n<h2 class=\"wp-block-heading\"> Y si sucede, m\u00e1tame <\/h2>\n\n\n\n<p>No pasar\u00e1. Nunca llegar\u00e1 el momento en el que haga algo sin apasionarme. Imposible. Sin un d\u00eda escribo sin releerme o leo sin cerrar los ojos y sentir el calor que emanan las p\u00e1ginas, m\u00e1tame.<\/p>\n\n\n\n<p>Si un d\u00eda trabajo por dinero, por instrucciones o rutina, no dudes en hacerlo. Si un d\u00eda dejo de entregarme de bruces al sol, a la lluvia, al silencio, o las l\u00e1grimas; si un d\u00eda no comprendo el significado de la familia, de un abrazo, de un beso c\u00e1lido. Si me vuelvo incapaz de perderme en una mirada; si un d\u00eda mientras pienso en la vida no tengo raz\u00f3n por la que preocuparme y me da igual la existencia humana y la naturaleza, m\u00e1tame.<\/p>\n\n\n\n<p>Si un d\u00eda no necesito darlo todo hasta que muera, si un d\u00eda dejo de amar con toda el alma, m\u00e1tame. Porque si ese d\u00eda llega, ya no tendr\u00e9 deseos de existir.<\/p>\n\n\n\n<p>Yilenis P\u00e9rez Sanabia<\/p>\n<\/div>\n<\/div>\n<\/div><\/div>\n","protected":false},"excerpt":{"rendered":"","protected":false},"author":3,"featured_media":0,"parent":0,"menu_order":0,"comment_status":"closed","ping_status":"closed","template":"","meta":{"om_disable_all_campaigns":false,"_monsterinsights_skip_tracking":false,"_monsterinsights_sitenote_active":false,"_monsterinsights_sitenote_note":"","_monsterinsights_sitenote_category":0,"footnotes":""},"aioseo_notices":[],"_links":{"self":[{"href":"https:\/\/conpixelesyletras.es\/index.php?rest_route=\/wp\/v2\/pages\/179"}],"collection":[{"href":"https:\/\/conpixelesyletras.es\/index.php?rest_route=\/wp\/v2\/pages"}],"about":[{"href":"https:\/\/conpixelesyletras.es\/index.php?rest_route=\/wp\/v2\/types\/page"}],"author":[{"embeddable":true,"href":"https:\/\/conpixelesyletras.es\/index.php?rest_route=\/wp\/v2\/users\/3"}],"replies":[{"embeddable":true,"href":"https:\/\/conpixelesyletras.es\/index.php?rest_route=%2Fwp%2Fv2%2Fcomments&post=179"}],"version-history":[{"count":0,"href":"https:\/\/conpixelesyletras.es\/index.php?rest_route=\/wp\/v2\/pages\/179\/revisions"}],"wp:attachment":[{"href":"https:\/\/conpixelesyletras.es\/index.php?rest_route=%2Fwp%2Fv2%2Fmedia&parent=179"}],"curies":[{"name":"wp","href":"https:\/\/api.w.org\/{rel}","templated":true}]}}